{"id":164,"date":"2017-02-26T10:20:44","date_gmt":"2017-02-26T07:20:44","guid":{"rendered":"http:\/\/www.yalovahukuk.net\/?page_id=164"},"modified":"2017-02-26T10:20:44","modified_gmt":"2017-02-26T07:20:44","slug":"iletisim","status":"publish","type":"page","link":"https:\/\/www.tarikburakevin.av.tr\/index.php\/iletisim\/","title":{"rendered":"\u0130leti\u015fim"},"content":{"rendered":"<p>[vc_row][vc_column][vc_empty_space alter_height=&#8221;big&#8221; hide_on_mobile=&#8221;1&#8243;][\/vc_column][\/vc_row][vc_row][vc_column width=&#8221;1\/4&#8243;][vc_empty_space height=&#8221;3em&#8221; alter_height=&#8221;none&#8221; hide_on_mobile=&#8221;&#8221;][vc_icon icon_fontawesome=&#8221;icon-placeholder&#8221; color=&#8221;custom&#8221; size=&#8221;lg&#8221; align=&#8221;center&#8221; custom_color=&#8221;#d4a971&#8243; css=&#8221;.vc_custom_1491218870986{margin-bottom: 0px !important;}&#8221;][vc_empty_space height=&#8221;1.5em&#8221; alter_height=&#8221;none&#8221; hide_on_mobile=&#8221;&#8221;][vc_column_text]<\/p>\n<h3 style=\"text-align: center;\">Adres<\/h3>\n<p>[\/vc_column_text][vc_empty_space height=&#8221;0.45em&#8221; alter_height=&#8221;none&#8221; hide_on_mobile=&#8221;&#8221;][vc_custom_heading text=&#8221;S\u00fcleymanbey Mahallesi Sefabey Caddesi Kervan Apartman\u0131 No: 10\/12 Merkez\/YALOVA&#8221; font_container=&#8221;tag:p|font_size:13px|text_align:center|line_height:20px&#8221; use_theme_fonts=&#8221;yes&#8221; css=&#8221;.vc_custom_1572553816468{margin-top: 0px !important;margin-bottom: 0px !important;}&#8221;][\/vc_column][vc_column width=&#8221;1\/4&#8243;][vc_empty_space height=&#8221;3em&#8221; alter_height=&#8221;none&#8221; hide_on_mobile=&#8221;&#8221;][vc_icon icon_fontawesome=&#8221;icon-phone-call&#8221; color=&#8221;custom&#8221; size=&#8221;lg&#8221; align=&#8221;center&#8221; custom_color=&#8221;#d4a971&#8243; css=&#8221;.vc_custom_1528972813931{margin-bottom: 0px !important;}&#8221; link=&#8221;url:tel%3A8%20800%20123%2045%2067|||&#8221;][vc_empty_space height=&#8221;1.5em&#8221; alter_height=&#8221;none&#8221; hide_on_mobile=&#8221;&#8221;][vc_column_text]<\/p>\n<h3 style=\"text-align: center;\">Telefon<\/h3>\n<p>[\/vc_column_text][vc_empty_space height=&#8221;0.45em&#8221; alter_height=&#8221;none&#8221; hide_on_mobile=&#8221;&#8221;][vc_custom_heading text=&#8221;+90 226 408 32 44&#8243; font_container=&#8221;tag:p|font_size:13px|text_align:center|line_height:20px&#8221; use_theme_fonts=&#8221;yes&#8221; css=&#8221;.vc_custom_1602684726071{margin-top: 0px !important;margin-bottom: 0px !important;}&#8221; link=&#8221;url:tel%3A%2B90%20226%20408%2032%2044|||&#8221;][\/vc_column][vc_column width=&#8221;1\/4&#8243;][vc_empty_space height=&#8221;3em&#8221; alter_height=&#8221;none&#8221; hide_on_mobile=&#8221;&#8221;][vc_icon icon_fontawesome=&#8221;icon-mail-empty&#8221; color=&#8221;custom&#8221; size=&#8221;lg&#8221; align=&#8221;center&#8221; custom_color=&#8221;#d4a971&#8243; css=&#8221;.vc_custom_1573373939888{margin-bottom: 0px !important;}&#8221;][vc_empty_space height=&#8221;1.5em&#8221; alter_height=&#8221;none&#8221; hide_on_mobile=&#8221;&#8221;][vc_column_text]<\/p>\n<h3 style=\"text-align: center;\">E-Posta<\/h3>\n<p>[\/vc_column_text][vc_empty_space height=&#8221;0.45em&#8221; alter_height=&#8221;none&#8221; hide_on_mobile=&#8221;&#8221;][vc_custom_heading text=&#8221;bilgi@yalovahukuk.net&#8221; font_container=&#8221;tag:p|font_size:13px|text_align:center|line_height:20px&#8221; use_theme_fonts=&#8221;yes&#8221; css=&#8221;.vc_custom_1573373734048{margin-top: 0px !important;margin-bottom: 0px !important;}&#8221; link=&#8221;url:mailto%3Abilgi%40yalovahukuk.net|||&#8221;][\/vc_column][vc_column width=&#8221;1\/4&#8243;][vc_empty_space height=&#8221;3em&#8221; alter_height=&#8221;none&#8221; hide_on_mobile=&#8221;&#8221;][vc_icon icon_fontawesome=&#8221;icon-clock-1&#8243; color=&#8221;custom&#8221; size=&#8221;lg&#8221; align=&#8221;center&#8221; custom_color=&#8221;#d4a971&#8243; css=&#8221;.vc_custom_1491218881366{margin-bottom: 0px !important;}&#8221;][vc_empty_space height=&#8221;1.5em&#8221; alter_height=&#8221;none&#8221; hide_on_mobile=&#8221;&#8221;][vc_column_text]<\/p>\n<h3 style=\"text-align: center;\">\u00c7al\u0131\u015fma Saatleri<\/h3>\n<p>[\/vc_column_text][vc_empty_space height=&#8221;0.45em&#8221; alter_height=&#8221;none&#8221; hide_on_mobile=&#8221;&#8221;][vc_custom_heading text=&#8221;Pazartesi &#8211; Cuma &#8211; 08:00 &#8211; 18:00,<br \/>\nCumartesi &#8211; 08:00 &#8211; 14:00&#8243; font_container=&#8221;tag:p|font_size:13px|text_align:center|line_height:20px&#8221; use_theme_fonts=&#8221;yes&#8221; css=&#8221;.vc_custom_1573373610987{margin-top: 0px !important;margin-bottom: 0px !important;}&#8221;][\/vc_column][\/vc_row][vc_row][vc_column][vc_empty_space alter_height=&#8221;big&#8221; hide_on_mobile=&#8221;1&#8243;][vc_empty_space height=&#8221;0.45em&#8221; alter_height=&#8221;none&#8221; hide_on_mobile=&#8221;1&#8243;][vc_empty_space height=&#8221;3em&#8221; alter_height=&#8221;none&#8221; hide_on_mobile=&#8221;&#8221;][\/vc_column][\/vc_row][vc_row full_width=&#8221;stretch_row&#8221; css=&#8221;.vc_custom_1488104262140{background-color: #fafafa !important;}&#8221;][vc_column][vc_empty_space height=&#8221;3em&#8221; alter_height=&#8221;none&#8221; hide_on_mobile=&#8221;&#8221;][vc_empty_space height=&#8221;6.05em&#8221; alter_height=&#8221;none&#8221; hide_on_mobile=&#8221;1&#8243;]<div id=\"sc_content_1323558625\"\n\t\tclass=\"sc_content sc_content_default sc_float_center sc_content_width_70p\"><div class=\"sc_content_container\"><div\n\t id=\"sc_form_1862917745\"\tclass=\"sc_form sc_form_default\">\n\t<h3 class=\"sc_item_title sc_form_title sc_align_center sc_item_title_style_default\">Bize ula\u015f\u0131n<\/h3><div class=\"sc_item_descr sc_form_descr sc_align_center\"><p>Bize ula\u015fmak istedi\u011finiz konuyla ilgili birka\u00e7 kelime i\u00e7eren bir e-posta g\u00f6nderin; sorunlar\u0131n\u0131z\u0131 ve hedeflerinizi tart\u0131\u015fmak i\u00e7in bir ilk dan\u0131\u015fma plan\u0131 haz\u0131rlayabiliriz.<\/p>\n<\/div>\t<form class=\"sc_form_form \" method=\"post\" action=\"https:\/\/www.tarikburakevin.av.tr\/wp-admin\/admin-ajax.php\">\n\t\t<div class=\"sc_form_details trx_addons_columns_wrap\"><div class=\"trx_addons_column-1_2\"><label class=\"sc_form_field sc_form_field_name sc_form_field_text required\">\n\t\t<span class=\"sc_form_field_wrap\"><input type=\"text\" \n\t\t\t\t\tname=\"name\"\n\t\t\t\t\tid=\"name\"\n\t\t\t\t\tvalue=\"\"\n\t\t\t\t\t aria-required=\"true\"\t\t\t\t\t placeholder=\"Name\"\t\t\t\t\t>\t<\/span>\n<\/label>\t\t\t<\/div><div class=\"trx_addons_column-1_2\"><label class=\"sc_form_field sc_form_field_email sc_form_field_text required\">\n\t\t<span class=\"sc_form_field_wrap\"><input type=\"text\" \n\t\t\t\t\tname=\"email\"\n\t\t\t\t\tid=\"email\"\n\t\t\t\t\tvalue=\"\"\n\t\t\t\t\t aria-required=\"true\"\t\t\t\t\t placeholder=\"E-mail\"\t\t\t\t\t>\t<\/span>\n<\/label>\t\t\t<\/div><\/div><label class=\"sc_form_field sc_form_field_message sc_form_field_textarea required\">\n\t\t<span class=\"sc_form_field_wrap\"><textarea\n\t\t\t\t\tname=\"message\"\n\t\t\t\t\tid=\"message\"\n\t\t\t\t\t aria-required=\"true\"\t\t\t\t\t placeholder=\"Message\"\t\t\t\t\t><\/textarea>\t<\/span>\n<\/label>        <div class=\"sc_form_field sc_form_field_checkbox\"><input type=\"checkbox\" id=\"i_agree_privacy_policy_sc_form_1\" name=\"i_agree_privacy_policy\" class=\"sc_form_privacy_checkbox\" value=\"1\">\n            <label for=\"i_agree_privacy_policy_sc_form_1\">G\u00f6nderilen verilerimin toplan\u0131p sakland\u0131\u011f\u0131n\u0131 kabul ediyorum. Kullan\u0131c\u0131 verilerini kullanma hakk\u0131nda daha fazla bilgi i\u00e7in, <a href=\"\" target=\"_blank\">Gizlilik Politikas\u0131<\/a><\/label>\n            <\/div>\t\t<div class=\"sc_form_field sc_form_field_button\"><button>Send Message<\/button><\/div>\n\t\t<div class=\"trx_addons_message_box sc_form_result\"><\/div>\n\t<\/form>\n<\/div><!-- \/.sc_form -->\n<\/div><\/div><!-- \/.sc_content -->[vc_empty_space height=&#8221;5em&#8221; alter_height=&#8221;none&#8221; hide_on_mobile=&#8221;1&#8243;][vc_empty_space height=&#8221;3em&#8221; alter_height=&#8221;none&#8221; hide_on_mobile=&#8221;&#8221;][\/vc_column][\/vc_row]<\/p>\n","protected":false},"excerpt":{"rendered":"<p>[vc_row][vc_column][vc_empty_space alter_height=&#8221;big&#8221; hide_on_mobile=&#8221;1&#8243;][\/vc_column][\/vc_row][vc_row][vc_column width=&#8221;1\/4&#8243;][vc_empty_space height=&#8221;3em&#8221; alter_height=&#8221;none&#8221; hide_on_mobile=&#8221;&#8221;][vc_icon icon_fontawesome=&#8221;icon-placeholder&#8221; color=&#8221;custom&#8221; size=&#8221;lg&#8221; align=&#8221;center&#8221; custom_color=&#8221;#d4a971&#8243; css=&#8221;.vc_custom_1491218870986{margin-bottom: 0px !important;}&#8221;][vc_empty_space height=&#8221;1.5em&#8221; alter_height=&#8221;none&#8221; hide_on_mobile=&#8221;&#8221;][vc_column_text] Adres [\/vc_column_text][vc_empty_space height=&#8221;0.45em&#8221; alter_height=&#8221;none&#8221; hide_on_mobile=&#8221;&#8221;][vc_custom_heading text=&#8221;S\u00fcleymanbey Mahallesi Sefabey Caddesi Kervan Apartman\u0131 No: 10\/12 Merkez\/YALOVA&#8221; font_container=&#8221;tag:p|font_size:13px|text_align:center|line_height:20px&#8221; use_theme_fonts=&#8221;yes&#8221; css=&#8221;.vc_custom_1572553816468{margin-top: 0px !important;margin-bottom: 0px !important;}&#8221;][\/vc_column][vc_column width=&#8221;1\/4&#8243;][vc_empty_space height=&#8221;3em&#8221; alter_height=&#8221;none&#8221; hide_on_mobile=&#8221;&#8221;][vc_icon icon_fontawesome=&#8221;icon-phone-call&#8221; color=&#8221;custom&#8221;&hellip;<\/p>\n","protected":false},"author":1,"featured_media":0,"parent":0,"menu_order":0,"comment_status":"closed","ping_status":"closed","template":"","meta":[],"_links":{"self":[{"href":"https:\/\/www.tarikburakevin.av.tr\/index.php\/wp-json\/wp\/v2\/pages\/164"}],"collection":[{"href":"https:\/\/www.tarikburakevin.av.tr\/index.php\/wp-json\/wp\/v2\/pages"}],"about":[{"href":"https:\/\/www.tarikburakevin.av.tr\/index.php\/wp-json\/wp\/v2\/types\/page"}],"author":[{"embeddable":true,"href":"https:\/\/www.tarikburakevin.av.tr\/index.php\/wp-json\/wp\/v2\/users\/1"}],"replies":[{"embeddable":true,"href":"https:\/\/www.tarikburakevin.av.tr\/index.php\/wp-json\/wp\/v2\/comments?post=164"}],"version-history":[{"count":0,"href":"https:\/\/www.tarikburakevin.av.tr\/index.php\/wp-json\/wp\/v2\/pages\/164\/revisions"}],"wp:attachment":[{"href":"https:\/\/www.tarikburakevin.av.tr\/index.php\/wp-json\/wp\/v2\/media?parent=164"}],"curies":[{"name":"wp","href":"https:\/\/api.w.org\/{rel}","templated":true}]}}