{"id":176,"date":"2017-02-26T10:51:13","date_gmt":"2017-02-26T07:51:13","guid":{"rendered":"http:\/\/www.yalovahukuk.net\/?page_id=176"},"modified":"2021-03-23T14:25:22","modified_gmt":"2021-03-23T11:25:22","slug":"ekibimiz","status":"publish","type":"page","link":"https:\/\/www.tarikburakevin.av.tr\/index.php\/ekibimiz\/","title":{"rendered":"Ekibimiz"},"content":{"rendered":"<p>[vc_row][vc_column]<div class=\"sc_team sc_team_default\"><h1 class=\"sc_item_title sc_team_title sc_align_center sc_item_title_style_custom_image sc_item_title_tag\">Ekibimizle Tan\u0131\u015f\u0131n<\/h1><div class=\"sc_item_descr sc_team_descr sc_align_center\"><p>Hukuki sorunlar\u0131n\u0131za eksiksiz \u00e7\u00f6z\u00fcmler i\u00e7in deneyimli ekibimize dan\u0131\u015f\u0131n.<\/p>\n<\/div><div class=\"sc_team_columns sc_item_columns trx_addons_columns_wrap columns_padding_bottom\"><div class=\"trx_addons_column-1_2\"><div class=\"sc_team_item\">\n\t<div class=\"post_featured with_thumb hover_dots sc_team_item_thumb trx_addons_column-1_2\"><img width=\"450\" height=\"500\" src=\"https:\/\/www.tarikburakevin.av.tr\/wp-content\/uploads\/2017\/02\/tarik-burak-evin-1-450x500.jpg\" class=\"attachment-legal_stone-thumb-avatar size-legal_stone-thumb-avatar wp-post-image\" alt=\"Tar\u0131k Burak Evin\" loading=\"lazy\" \/><div class=\"mask\"><\/div><a href=\"https:\/\/www.tarikburakevin.av.tr\/index.php\/team\/tarik-burak-evin\/\" aria-hidden=\"true\" class=\"icons\"><span><\/span><span><\/span><span><\/span><\/a><\/div>\t<div class=\"sc_team_item_info trx_addons_column-1_2\">\n        <div class=\"sc_team_item_info_inner\">\n\n            <div class=\"sc_team_item_header\">\n                <h4 class=\"sc_team_item_title\"><a href=\"https:\/\/www.tarikburakevin.av.tr\/index.php\/team\/tarik-burak-evin\/\">Tar\u0131k Burak Evin<\/a><\/h4>\n                <div class=\"sc_team_item_subtitle\">Avukat<\/div>\n            <\/div>\n            <div class=\"sc_team_item_content\"><\/div>\n            <div class=\"sc_team_item_socials socials_wrap\"><a target=\"_blank\" href=\"#\" class=\"social_item social_item_style_icons social_item_type_icons\"><span class=\"social_icon social_twitter\"><span class=\"icon-twitter\"><\/span><\/span><\/a><a target=\"_blank\" href=\"#\" class=\"social_item social_item_style_icons social_item_type_icons\"><span class=\"social_icon social_facebook\"><span class=\"icon-facebook\"><\/span><\/span><\/a><a target=\"_blank\" href=\"#\" class=\"social_item social_item_style_icons social_item_type_icons\"><span class=\"social_icon social_linkedin\"><span class=\"icon-linkedin\"><\/span><\/span><\/a><\/div>            <div class=\"sc_team_item_button\"><a href=\"https:\/\/www.tarikburakevin.av.tr\/index.php\/team\/tarik-burak-evin\/\" class=\"sc_button sc_button_simple\">Learn more<\/a><\/div>\n        <\/div>\n\t<\/div>\n<\/div>\n<\/div><div class=\"trx_addons_column-1_2\"><div class=\"sc_team_item\">\n\t<div class=\"post_featured with_thumb hover_dots sc_team_item_thumb trx_addons_column-1_2\"><img width=\"450\" height=\"500\" src=\"https:\/\/www.tarikburakevin.av.tr\/wp-content\/uploads\/2017\/02\/elcin-ozturk-1-450x500.png\" class=\"attachment-legal_stone-thumb-avatar size-legal_stone-thumb-avatar wp-post-image\" alt=\"El\u00e7in \u00d6zt\u00fcrk\" loading=\"lazy\" \/><div class=\"mask\"><\/div><a href=\"https:\/\/www.tarikburakevin.av.tr\/index.php\/team\/adam-jones\/\" aria-hidden=\"true\" class=\"icons\"><span><\/span><span><\/span><span><\/span><\/a><\/div>\t<div class=\"sc_team_item_info trx_addons_column-1_2\">\n        <div class=\"sc_team_item_info_inner\">\n\n            <div class=\"sc_team_item_header\">\n                <h4 class=\"sc_team_item_title\"><a href=\"https:\/\/www.tarikburakevin.av.tr\/index.php\/team\/adam-jones\/\">El\u00e7in \u00d6zt\u00fcrk<\/a><\/h4>\n                <div class=\"sc_team_item_subtitle\">Avukat<\/div>\n            <\/div>\n            <div class=\"sc_team_item_content\"><\/div>\n            <div class=\"sc_team_item_socials socials_wrap\"><a target=\"_blank\" href=\"#\" class=\"social_item social_item_style_icons social_item_type_icons\"><span class=\"social_icon social_twitter\"><span class=\"icon-twitter\"><\/span><\/span><\/a><a target=\"_blank\" href=\"#\" class=\"social_item social_item_style_icons social_item_type_icons\"><span class=\"social_icon social_linkedin\"><span class=\"icon-linkedin\"><\/span><\/span><\/a><a target=\"_blank\" href=\"#\" class=\"social_item social_item_style_icons social_item_type_icons\"><span class=\"social_icon social_facebook\"><span class=\"icon-facebook\"><\/span><\/span><\/a><\/div>            <div class=\"sc_team_item_button\"><a href=\"https:\/\/www.tarikburakevin.av.tr\/index.php\/team\/adam-jones\/\" class=\"sc_button sc_button_simple\">Learn more<\/a><\/div>\n        <\/div>\n\t<\/div>\n<\/div>\n<\/div><\/div><\/div><!-- \/.sc_team -->[\/vc_column][\/vc_row]<\/p>\n","protected":false},"excerpt":{"rendered":"<p>[vc_row][vc_column][\/vc_column][\/vc_row]<\/p>\n","protected":false},"author":1,"featured_media":0,"parent":0,"menu_order":0,"comment_status":"closed","ping_status":"closed","template":"","meta":[],"_links":{"self":[{"href":"https:\/\/www.tarikburakevin.av.tr\/index.php\/wp-json\/wp\/v2\/pages\/176"}],"collection":[{"href":"https:\/\/www.tarikburakevin.av.tr\/index.php\/wp-json\/wp\/v2\/pages"}],"about":[{"href":"https:\/\/www.tarikburakevin.av.tr\/index.php\/wp-json\/wp\/v2\/types\/page"}],"author":[{"embeddable":true,"href":"https:\/\/www.tarikburakevin.av.tr\/index.php\/wp-json\/wp\/v2\/users\/1"}],"replies":[{"embeddable":true,"href":"https:\/\/www.tarikburakevin.av.tr\/index.php\/wp-json\/wp\/v2\/comments?post=176"}],"version-history":[{"count":1,"href":"https:\/\/www.tarikburakevin.av.tr\/index.php\/wp-json\/wp\/v2\/pages\/176\/revisions"}],"predecessor-version":[{"id":4691,"href":"https:\/\/www.tarikburakevin.av.tr\/index.php\/wp-json\/wp\/v2\/pages\/176\/revisions\/4691"}],"wp:attachment":[{"href":"https:\/\/www.tarikburakevin.av.tr\/index.php\/wp-json\/wp\/v2\/media?parent=176"}],"curies":[{"name":"wp","href":"https:\/\/api.w.org\/{rel}","templated":true}]}}