{"id":193,"date":"2017-02-26T11:18:17","date_gmt":"2017-02-26T08:18:17","guid":{"rendered":"http:\/\/www.yalovahukuk.net\/?page_id=193"},"modified":"2021-03-23T14:26:11","modified_gmt":"2021-03-23T11:26:11","slug":"calisma-alanlarimiz","status":"publish","type":"page","link":"https:\/\/www.tarikburakevin.av.tr\/index.php\/calisma-alanlarimiz\/","title":{"rendered":"\u00c7al\u0131\u015fma Alanlar\u0131m\u0131z"},"content":{"rendered":"<p>[vc_row full_width=&#8221;stretch_row&#8221; css=&#8221;.vc_custom_1488107618977{background-color: #fafafa !important;}&#8221;][vc_column]<div id=\"sc_services_104599378\" class=\"sc_services sc_services_light sc_services_featured_top\"><h1 class=\"sc_item_title sc_services_title sc_align_center sc_item_title_style_custom_image sc_item_title_tag\">\u00c7al\u0131\u015fma ve Uzmanl\u0131k Alanlar\u0131m\u0131z<\/h1><div class=\"sc_item_descr sc_services_descr sc_align_center\"><p>Yalova Hukuk B\u00fcrosu; 360 derece hizmet prensibiyle \u00e7al\u0131\u015fan, alanlar\u0131nda akademik ve mesleki deneyime sahip uzman ekibi ile m\u00fcvekkillerine \u00f6zg\u00fcn hukuk hizmeti sa\u011flamaktad\u0131r.<\/p>\n<\/div><div class=\"sc_services_columns sc_item_columns sc_item_columns_4 trx_addons_columns_wrap columns_padding_bottom\"><div class=\"trx_addons_column-1_4\"><div class=\"sc_services_item with_content with_image sc_services_item_featured_top\">\n\t<div class=\"post_featured with_thumb hover_dots sc_services_item_thumb\"><img width=\"370\" height=\"270\" src=\"https:\/\/www.tarikburakevin.av.tr\/wp-content\/uploads\/2019\/11\/sirketlerhukuku-1-370x270.jpg\" class=\"attachment-legal_stone-thumb-med size-legal_stone-thumb-med wp-post-image\" alt=\"\u015eirketler Hukuku\" loading=\"lazy\" \/><div class=\"mask\"><\/div><a href=\"https:\/\/www.tarikburakevin.av.tr\/index.php\/services\/sirketler-hukuku\/\" aria-hidden=\"true\" class=\"icons\"><span><\/span><span><\/span><span><\/span><\/a><\/div>\t\n\t<div class=\"sc_services_item_info\">\n        <span class=\"sc_services_item_number\">01<\/span>\n\t\t<div class=\"sc_services_item_header\">\n\t\t\t\t\t\t<h3 class=\"sc_services_item_title\"><a href=\"https:\/\/www.tarikburakevin.av.tr\/index.php\/services\/sirketler-hukuku\/\">\u015eirketler Hukuku<\/a><\/h3>\n\n\t\t<\/div>\n\t\t\t\t\t<div class=\"sc_services_item_content\"><p>\u015eirket kurulu\u015fu, \u015firket organlar\u0131n\u0131n olu\u015fturulmas\u0131, \u015firket nevinin de\u011fi\u015ftirilmesi<\/p>\n<\/div>\n\t\t\t<div class=\"sc_services_item_button sc_item_button\"><a href=\"https:\/\/www.tarikburakevin.av.tr\/index.php\/services\/sirketler-hukuku\/\" class=\"sc_button sc_button_simple\">Read more<\/a><\/div>\n\t\t\t<\/div>\n<\/div>\n<\/div><div class=\"trx_addons_column-1_4\"><div class=\"sc_services_item with_content with_image sc_services_item_featured_top\">\n\t<div class=\"post_featured with_thumb hover_dots sc_services_item_thumb\"><img width=\"370\" height=\"270\" src=\"https:\/\/www.tarikburakevin.av.tr\/wp-content\/uploads\/2019\/11\/ticarethukuku-1-370x270.jpg\" class=\"attachment-legal_stone-thumb-med size-legal_stone-thumb-med wp-post-image\" alt=\"Ticaret Hukuku\" loading=\"lazy\" \/><div class=\"mask\"><\/div><a href=\"https:\/\/www.tarikburakevin.av.tr\/index.php\/services\/ticaret-hukuku\/\" aria-hidden=\"true\" class=\"icons\"><span><\/span><span><\/span><span><\/span><\/a><\/div>\t\n\t<div class=\"sc_services_item_info\">\n        <span class=\"sc_services_item_number\">02<\/span>\n\t\t<div class=\"sc_services_item_header\">\n\t\t\t\t\t\t<h3 class=\"sc_services_item_title\"><a href=\"https:\/\/www.tarikburakevin.av.tr\/index.php\/services\/ticaret-hukuku\/\">Ticaret Hukuku<\/a><\/h3>\n\n\t\t<\/div>\n\t\t\t\t\t<div class=\"sc_services_item_content\"><p>Ticari uyu\u015fmazl\u0131klar, Haks\u0131z rekabetin \u00f6nlenmesi, Ticari s\u00f6zle\u015fmelerin d\u00fczenlenmesi<\/p>\n<\/div>\n\t\t\t<div class=\"sc_services_item_button sc_item_button\"><a href=\"https:\/\/www.tarikburakevin.av.tr\/index.php\/services\/ticaret-hukuku\/\" class=\"sc_button sc_button_simple\">Read more<\/a><\/div>\n\t\t\t<\/div>\n<\/div>\n<\/div><div class=\"trx_addons_column-1_4\"><div class=\"sc_services_item with_content with_image sc_services_item_featured_top\">\n\t<div class=\"post_featured with_thumb hover_dots sc_services_item_thumb\"><img width=\"370\" height=\"270\" src=\"https:\/\/www.tarikburakevin.av.tr\/wp-content\/uploads\/2019\/11\/gayrimenkulhukuku-1-370x270.jpg\" class=\"attachment-legal_stone-thumb-med size-legal_stone-thumb-med wp-post-image\" alt=\"Gayrimenkul Hukuku\" loading=\"lazy\" \/><div class=\"mask\"><\/div><a href=\"https:\/\/www.tarikburakevin.av.tr\/index.php\/services\/gayrimenkul-hukuku\/\" aria-hidden=\"true\" class=\"icons\"><span><\/span><span><\/span><span><\/span><\/a><\/div>\t\n\t<div class=\"sc_services_item_info\">\n        <span class=\"sc_services_item_number\">03<\/span>\n\t\t<div class=\"sc_services_item_header\">\n\t\t\t\t\t\t<h3 class=\"sc_services_item_title\"><a href=\"https:\/\/www.tarikburakevin.av.tr\/index.php\/services\/gayrimenkul-hukuku\/\">Gayrimenkul Hukuku<\/a><\/h3>\n\n\t\t<\/div>\n\t\t\t\t\t<div class=\"sc_services_item_content\"><p>Tapu i\u015flemleri, Kiralama i\u015flemleri ve kira \u00f6demeleri takibi, \u0130potek ve irtifak haklar\u0131<\/p>\n<\/div>\n\t\t\t<div class=\"sc_services_item_button sc_item_button\"><a href=\"https:\/\/www.tarikburakevin.av.tr\/index.php\/services\/gayrimenkul-hukuku\/\" class=\"sc_button sc_button_simple\">Read more<\/a><\/div>\n\t\t\t<\/div>\n<\/div>\n<\/div><div class=\"trx_addons_column-1_4\"><div class=\"sc_services_item with_content with_image sc_services_item_featured_top\">\n\t<div class=\"post_featured with_thumb hover_dots sc_services_item_thumb\"><img width=\"370\" height=\"270\" src=\"https:\/\/www.tarikburakevin.av.tr\/wp-content\/uploads\/2019\/11\/aileve\u015fah\u0131slarhukuku-1-370x270.jpg\" class=\"attachment-legal_stone-thumb-med size-legal_stone-thumb-med wp-post-image\" alt=\"Aile ve \u015eah\u0131slar Hukuku\" loading=\"lazy\" \/><div class=\"mask\"><\/div><a href=\"https:\/\/www.tarikburakevin.av.tr\/index.php\/services\/aile-ve-sahislar-hukuku\/\" aria-hidden=\"true\" class=\"icons\"><span><\/span><span><\/span><span><\/span><\/a><\/div>\t\n\t<div class=\"sc_services_item_info\">\n        <span class=\"sc_services_item_number\">04<\/span>\n\t\t<div class=\"sc_services_item_header\">\n\t\t\t\t\t\t<h3 class=\"sc_services_item_title\"><a href=\"https:\/\/www.tarikburakevin.av.tr\/index.php\/services\/aile-ve-sahislar-hukuku\/\">Aile ve \u015eah\u0131slar Hukuku<\/a><\/h3>\n\n\t\t<\/div>\n\t\t\t\t\t<div class=\"sc_services_item_content\"><p>Bo\u015fanma, Velayet, Mal rejimlerine ili\u015fkin davalar<\/p>\n<\/div>\n\t\t\t<div class=\"sc_services_item_button sc_item_button\"><a href=\"https:\/\/www.tarikburakevin.av.tr\/index.php\/services\/aile-ve-sahislar-hukuku\/\" class=\"sc_button sc_button_simple\">Read more<\/a><\/div>\n\t\t\t<\/div>\n<\/div>\n<\/div><div class=\"trx_addons_column-1_4\"><div class=\"sc_services_item with_content with_image sc_services_item_featured_top\">\n\t<div class=\"post_featured with_thumb hover_dots sc_services_item_thumb\"><img width=\"370\" height=\"270\" src=\"https:\/\/www.tarikburakevin.av.tr\/wp-content\/uploads\/2017\/02\/yalovahukuk58956-1-370x270.jpg\" class=\"attachment-legal_stone-thumb-med size-legal_stone-thumb-med wp-post-image\" alt=\"Miras Hukuku\" loading=\"lazy\" \/><div class=\"mask\"><\/div><a href=\"https:\/\/www.tarikburakevin.av.tr\/index.php\/services\/miras-hukuku\/\" aria-hidden=\"true\" class=\"icons\"><span><\/span><span><\/span><span><\/span><\/a><\/div>\t\n\t<div class=\"sc_services_item_info\">\n        <span class=\"sc_services_item_number\">05<\/span>\n\t\t<div class=\"sc_services_item_header\">\n\t\t\t\t\t\t<h3 class=\"sc_services_item_title\"><a href=\"https:\/\/www.tarikburakevin.av.tr\/index.php\/services\/miras-hukuku\/\">Miras Hukuku<\/a><\/h3>\n\n\t\t<\/div>\n\t\t\t\t\t<div class=\"sc_services_item_content\"><p>Miras\u00e7\u0131l\u0131lk belgesi al\u0131nmas\u0131, Miras\u0131n reddi, Vasiyetin a\u00e7\u0131lmas\u0131 ve iptali davalar\u0131, Tenkis davalar\u0131<\/p>\n<\/div>\n\t\t\t<div class=\"sc_services_item_button sc_item_button\"><a href=\"https:\/\/www.tarikburakevin.av.tr\/index.php\/services\/miras-hukuku\/\" class=\"sc_button sc_button_simple\">Read more<\/a><\/div>\n\t\t\t<\/div>\n<\/div>\n<\/div><div class=\"trx_addons_column-1_4\"><div class=\"sc_services_item with_content with_image sc_services_item_featured_top\">\n\t<div class=\"post_featured with_thumb hover_dots sc_services_item_thumb\"><img width=\"370\" height=\"270\" src=\"https:\/\/www.tarikburakevin.av.tr\/wp-content\/uploads\/2017\/02\/yalovahukuk9565-1-370x270.jpg\" class=\"attachment-legal_stone-thumb-med size-legal_stone-thumb-med wp-post-image\" alt=\"Ceza Hukuku\" loading=\"lazy\" \/><div class=\"mask\"><\/div><a href=\"https:\/\/www.tarikburakevin.av.tr\/index.php\/services\/ceza-hukuku\/\" aria-hidden=\"true\" class=\"icons\"><span><\/span><span><\/span><span><\/span><\/a><\/div>\t\n\t<div class=\"sc_services_item_info\">\n        <span class=\"sc_services_item_number\">06<\/span>\n\t\t<div class=\"sc_services_item_header\">\n\t\t\t\t\t\t<h3 class=\"sc_services_item_title\"><a href=\"https:\/\/www.tarikburakevin.av.tr\/index.php\/services\/ceza-hukuku\/\">Ceza Hukuku<\/a><\/h3>\n\n\t\t<\/div>\n\t\t\t\t\t<div class=\"sc_services_item_content\"><p>Soru\u015fturma ve her a\u015famada ceza dava s\u00fcreci takibi, \u0130cra hukuku ceza davalar\u0131 <\/p>\n<\/div>\n\t\t\t<div class=\"sc_services_item_button sc_item_button\"><a href=\"https:\/\/www.tarikburakevin.av.tr\/index.php\/services\/ceza-hukuku\/\" class=\"sc_button sc_button_simple\">Read more<\/a><\/div>\n\t\t\t<\/div>\n<\/div>\n<\/div><div class=\"trx_addons_column-1_4\"><div class=\"sc_services_item with_content with_image sc_services_item_featured_top\">\n\t<div class=\"post_featured with_thumb hover_dots sc_services_item_thumb\"><img width=\"370\" height=\"270\" src=\"https:\/\/www.tarikburakevin.av.tr\/wp-content\/uploads\/2017\/02\/yalovahukuk48652-1-370x270.jpg\" class=\"attachment-legal_stone-thumb-med size-legal_stone-thumb-med wp-post-image\" alt=\"\u0130cra Hukuku\" loading=\"lazy\" \/><div class=\"mask\"><\/div><a href=\"https:\/\/www.tarikburakevin.av.tr\/index.php\/services\/icra-hukuku\/\" aria-hidden=\"true\" class=\"icons\"><span><\/span><span><\/span><span><\/span><\/a><\/div>\t\n\t<div class=\"sc_services_item_info\">\n        <span class=\"sc_services_item_number\">07<\/span>\n\t\t<div class=\"sc_services_item_header\">\n\t\t\t\t\t\t<h3 class=\"sc_services_item_title\"><a href=\"https:\/\/www.tarikburakevin.av.tr\/index.php\/services\/icra-hukuku\/\">\u0130cra Hukuku<\/a><\/h3>\n\n\t\t<\/div>\n\t\t\t\t\t<div class=\"sc_services_item_content\"><p>Alacak tahsili i\u00e7in icra takibi ba\u015flat\u0131lmas\u0131 ve takibi, Bor\u00e7 tasfiye s\u00fcreci takibi ve sulh s\u00f6zle\u015fmeleri<\/p>\n<\/div>\n\t\t\t<div class=\"sc_services_item_button sc_item_button\"><a href=\"https:\/\/www.tarikburakevin.av.tr\/index.php\/services\/icra-hukuku\/\" class=\"sc_button sc_button_simple\">Read more<\/a><\/div>\n\t\t\t<\/div>\n<\/div>\n<\/div><div class=\"trx_addons_column-1_4\"><div class=\"sc_services_item with_content with_image sc_services_item_featured_top\">\n\t<div class=\"post_featured with_thumb hover_dots sc_services_item_thumb\"><img width=\"370\" height=\"270\" src=\"https:\/\/www.tarikburakevin.av.tr\/wp-content\/uploads\/2017\/02\/yalovahukuk348-1-370x270.jpg\" class=\"attachment-legal_stone-thumb-med size-legal_stone-thumb-med wp-post-image\" alt=\"\u0130\u015f Hukuku\" loading=\"lazy\" \/><div class=\"mask\"><\/div><a href=\"https:\/\/www.tarikburakevin.av.tr\/index.php\/services\/is-hukuku\/\" aria-hidden=\"true\" class=\"icons\"><span><\/span><span><\/span><span><\/span><\/a><\/div>\t\n\t<div class=\"sc_services_item_info\">\n        <span class=\"sc_services_item_number\">08<\/span>\n\t\t<div class=\"sc_services_item_header\">\n\t\t\t\t\t\t<h3 class=\"sc_services_item_title\"><a href=\"https:\/\/www.tarikburakevin.av.tr\/index.php\/services\/is-hukuku\/\">\u0130\u015f Hukuku<\/a><\/h3>\n\n\t\t<\/div>\n\t\t\t\t\t<div class=\"sc_services_item_content\"><p>\u0130\u015f akdinin feshine dayal\u0131 i\u015fe iade ve tazminat davalar\u0131, \u0130\u015f kazalar\u0131na dayal\u0131 tazminat davalar\u0131 <\/p>\n<\/div>\n\t\t\t<div class=\"sc_services_item_button sc_item_button\"><a href=\"https:\/\/www.tarikburakevin.av.tr\/index.php\/services\/is-hukuku\/\" class=\"sc_button sc_button_simple\">Read more<\/a><\/div>\n\t\t\t<\/div>\n<\/div>\n<\/div><div class=\"trx_addons_column-1_4\"><div class=\"sc_services_item with_content with_image sc_services_item_featured_top\">\n\t<div class=\"post_featured with_thumb hover_dots sc_services_item_thumb\"><img width=\"370\" height=\"270\" src=\"https:\/\/www.tarikburakevin.av.tr\/wp-content\/uploads\/2019\/11\/yalovahukuk937-1-370x270.jpg\" class=\"attachment-legal_stone-thumb-med size-legal_stone-thumb-med wp-post-image\" alt=\"Fikti Sinai M\u00fclkiyet\" loading=\"lazy\" \/><div class=\"mask\"><\/div><a href=\"https:\/\/www.tarikburakevin.av.tr\/index.php\/services\/fikti-sinai-mulkiyet\/\" aria-hidden=\"true\" class=\"icons\"><span><\/span><span><\/span><span><\/span><\/a><\/div>\t\n\t<div class=\"sc_services_item_info\">\n        <span class=\"sc_services_item_number\">09<\/span>\n\t\t<div class=\"sc_services_item_header\">\n\t\t\t\t\t\t<h3 class=\"sc_services_item_title\"><a href=\"https:\/\/www.tarikburakevin.av.tr\/index.php\/services\/fikti-sinai-mulkiyet\/\">Fikti Sinai M\u00fclkiyet<\/a><\/h3>\n\n\t\t<\/div>\n\t\t\t\t\t<div class=\"sc_services_item_content\"><p>Marka davalar\u0131, Markaya tecav\u00fcz\u00fcn \u00f6nlenmesi, Telif haklar\u0131<\/p>\n<\/div>\n\t\t\t<div class=\"sc_services_item_button sc_item_button\"><a href=\"https:\/\/www.tarikburakevin.av.tr\/index.php\/services\/fikti-sinai-mulkiyet\/\" class=\"sc_button sc_button_simple\">Read more<\/a><\/div>\n\t\t\t<\/div>\n<\/div>\n<\/div><div class=\"trx_addons_column-1_4\"><div class=\"sc_services_item with_content with_image sc_services_item_featured_top\">\n\t<div class=\"post_featured with_thumb hover_dots sc_services_item_thumb\"><img width=\"370\" height=\"270\" src=\"https:\/\/www.tarikburakevin.av.tr\/wp-content\/uploads\/2019\/11\/yabanc\u0131lar-ve-vatanda\u015fl\u0131k-hukuku-1-370x270.jpg\" class=\"attachment-legal_stone-thumb-med size-legal_stone-thumb-med wp-post-image\" alt=\"Yabanc\u0131lar Vatanda\u015fl\u0131k Hukuku\" loading=\"lazy\" \/><div class=\"mask\"><\/div><a href=\"https:\/\/www.tarikburakevin.av.tr\/index.php\/services\/yabancilar-vatandaslik-hukuku\/\" aria-hidden=\"true\" class=\"icons\"><span><\/span><span><\/span><span><\/span><\/a><\/div>\t\n\t<div class=\"sc_services_item_info\">\n        <span class=\"sc_services_item_number\">10<\/span>\n\t\t<div class=\"sc_services_item_header\">\n\t\t\t\t\t\t<h3 class=\"sc_services_item_title\"><a href=\"https:\/\/www.tarikburakevin.av.tr\/index.php\/services\/yabancilar-vatandaslik-hukuku\/\">Yabanc\u0131lar Vatanda\u015fl\u0131k Hukuku<\/a><\/h3>\n\n\t\t<\/div>\n\t\t\t\t\t<div class=\"sc_services_item_content\"><p>Vatanda\u015fl\u0131k i\u015flemleri, \u0130kamet (Oturum) teskeresi, \u00c7al\u0131\u015fma izni al\u0131nmas\u0131<\/p>\n<\/div>\n\t\t\t<div class=\"sc_services_item_button sc_item_button\"><a href=\"https:\/\/www.tarikburakevin.av.tr\/index.php\/services\/yabancilar-vatandaslik-hukuku\/\" class=\"sc_button sc_button_simple\">Read more<\/a><\/div>\n\t\t\t<\/div>\n<\/div>\n<\/div><div class=\"trx_addons_column-1_4\"><div class=\"sc_services_item with_content with_image sc_services_item_featured_top\">\n\t<div class=\"post_featured with_thumb hover_dots sc_services_item_thumb\"><img width=\"370\" height=\"270\" src=\"https:\/\/www.tarikburakevin.av.tr\/wp-content\/uploads\/2017\/02\/yalovakukuk9877-1-370x270.jpg\" class=\"attachment-legal_stone-thumb-med size-legal_stone-thumb-med wp-post-image\" alt=\"Vergi ve \u0130dare Hukuku\" loading=\"lazy\" \/><div class=\"mask\"><\/div><a href=\"https:\/\/www.tarikburakevin.av.tr\/index.php\/services\/vergi-ve-idare-hukuku\/\" aria-hidden=\"true\" class=\"icons\"><span><\/span><span><\/span><span><\/span><\/a><\/div>\t\n\t<div class=\"sc_services_item_info\">\n        <span class=\"sc_services_item_number\">11<\/span>\n\t\t<div class=\"sc_services_item_header\">\n\t\t\t\t\t\t<h3 class=\"sc_services_item_title\"><a href=\"https:\/\/www.tarikburakevin.av.tr\/index.php\/services\/vergi-ve-idare-hukuku\/\">Vergi ve \u0130dare Hukuku<\/a><\/h3>\n\n\t\t<\/div>\n\t\t\t\t\t<div class=\"sc_services_item_content\"><p>\u0130dari mercilere ba\u015fvuru ve itirazlar\u0131n yap\u0131lmas\u0131, Tam yarg\u0131 davalar\u0131<\/p>\n<\/div>\n\t\t\t<div class=\"sc_services_item_button sc_item_button\"><a href=\"https:\/\/www.tarikburakevin.av.tr\/index.php\/services\/vergi-ve-idare-hukuku\/\" class=\"sc_button sc_button_simple\">Read more<\/a><\/div>\n\t\t\t<\/div>\n<\/div>\n<\/div><div class=\"trx_addons_column-1_4\"><div class=\"sc_services_item with_content with_image sc_services_item_featured_top\">\n\t<div class=\"post_featured with_thumb hover_dots sc_services_item_thumb\"><img width=\"370\" height=\"270\" src=\"https:\/\/www.tarikburakevin.av.tr\/wp-content\/uploads\/2017\/02\/yalovahukuk8888-1-370x270.jpg\" class=\"attachment-legal_stone-thumb-med size-legal_stone-thumb-med wp-post-image\" alt=\"T\u00fcketici Hukuku\" loading=\"lazy\" \/><div class=\"mask\"><\/div><a href=\"https:\/\/www.tarikburakevin.av.tr\/index.php\/services\/tuketici-hukuku\/\" aria-hidden=\"true\" class=\"icons\"><span><\/span><span><\/span><span><\/span><\/a><\/div>\t\n\t<div class=\"sc_services_item_info\">\n        <span class=\"sc_services_item_number\">12<\/span>\n\t\t<div class=\"sc_services_item_header\">\n\t\t\t\t\t\t<h3 class=\"sc_services_item_title\"><a href=\"https:\/\/www.tarikburakevin.av.tr\/index.php\/services\/tuketici-hukuku\/\">T\u00fcketici Hukuku<\/a><\/h3>\n\n\t\t<\/div>\n\t\t\t\t\t<div class=\"sc_services_item_content\"><p>T\u00fcketici Hakem Heyetleri ba\u015fvurular\u0131, Tazminat davalar\u0131<\/p>\n<\/div>\n\t\t\t<div class=\"sc_services_item_button sc_item_button\"><a href=\"https:\/\/www.tarikburakevin.av.tr\/index.php\/services\/tuketici-hukuku\/\" class=\"sc_button sc_button_simple\">Read more<\/a><\/div>\n\t\t\t<\/div>\n<\/div>\n<\/div><\/div><\/div><!-- \/.sc_services -->[vc_empty_space height=&#8221;2.5em&#8221; alter_height=&#8221;none&#8221; hide_on_mobile=&#8221;&#8221;][vc_empty_space alter_height=&#8221;large&#8221; hide_on_mobile=&#8221;1&#8243;][\/vc_column][\/vc_row]<\/p>\n","protected":false},"excerpt":{"rendered":"<p>[vc_row full_width=&#8221;stretch_row&#8221; css=&#8221;.vc_custom_1488107618977{background-color: #fafafa !important;}&#8221;][vc_column][vc_empty_space height=&#8221;2.5em&#8221; alter_height=&#8221;none&#8221; hide_on_mobile=&#8221;&#8221;][vc_empty_space alter_height=&#8221;large&#8221; hide_on_mobile=&#8221;1&#8243;][\/vc_column][\/vc_row]<\/p>\n","protected":false},"author":1,"featured_media":0,"parent":0,"menu_order":0,"comment_status":"closed","ping_status":"closed","template":"","meta":[],"_links":{"self":[{"href":"https:\/\/www.tarikburakevin.av.tr\/index.php\/wp-json\/wp\/v2\/pages\/193"}],"collection":[{"href":"https:\/\/www.tarikburakevin.av.tr\/index.php\/wp-json\/wp\/v2\/pages"}],"about":[{"href":"https:\/\/www.tarikburakevin.av.tr\/index.php\/wp-json\/wp\/v2\/types\/page"}],"author":[{"embeddable":true,"href":"https:\/\/www.tarikburakevin.av.tr\/index.php\/wp-json\/wp\/v2\/users\/1"}],"replies":[{"embeddable":true,"href":"https:\/\/www.tarikburakevin.av.tr\/index.php\/wp-json\/wp\/v2\/comments?post=193"}],"version-history":[{"count":1,"href":"https:\/\/www.tarikburakevin.av.tr\/index.php\/wp-json\/wp\/v2\/pages\/193\/revisions"}],"predecessor-version":[{"id":4692,"href":"https:\/\/www.tarikburakevin.av.tr\/index.php\/wp-json\/wp\/v2\/pages\/193\/revisions\/4692"}],"wp:attachment":[{"href":"https:\/\/www.tarikburakevin.av.tr\/index.php\/wp-json\/wp\/v2\/media?parent=193"}],"curies":[{"name":"wp","href":"https:\/\/api.w.org\/{rel}","templated":true}]}}