{"id":200,"date":"2017-02-26T11:39:38","date_gmt":"2017-02-26T08:39:38","guid":{"rendered":"http:\/\/www.yalovahukuk.net\/?page_id=200"},"modified":"2017-02-26T11:39:38","modified_gmt":"2017-02-26T08:39:38","slug":"hakkimizda","status":"publish","type":"page","link":"https:\/\/www.tarikburakevin.av.tr\/index.php\/hakkimizda\/","title":{"rendered":"Hakk\u0131m\u0131zda"},"content":{"rendered":"<p>[vc_row full_width=&#8221;stretch_row&#8221; css=&#8221;.vc_custom_1488108550402{background-color: #f7f7f7 !important;}&#8221;][vc_column][vc_empty_space height=&#8221;3em&#8221; alter_height=&#8221;none&#8221; hide_on_mobile=&#8221;&#8221;][vc_empty_space height=&#8221;0.55em&#8221; alter_height=&#8221;none&#8221; hide_on_mobile=&#8221;1&#8243;][vc_empty_space height=&#8221;3em&#8221; alter_height=&#8221;big&#8221; hide_on_mobile=&#8221;1&#8243;]<div  id=\"sc_promo_1793340170\" \n\tclass=\"sc_promo sc_promo_default sc_promo_size_normal sc_promo_no_paddings sc_promo_image_position_left\"><div class=\"sc_promo_image\" style=\"background-image:url(https:\/\/www.tarikburakevin.av.tr\/wp-content\/uploads\/2017\/02\/img_abt2-1-1.jpg);width:50%;left: 0;\"><\/div><div class=\"sc_promo_text\" style=\"width: 50%;float: right;\">\n\t\t\t<div class=\"sc_promo_text_inner\" style=\"\"><div class=\"sc_promo_content sc_item_content\"><div id=\"sc_title_1325538979\"\n\t\tclass=\"sc_title sc_title_default\"><h1 class=\"sc_item_title sc_title_title sc_align_left sc_item_title_style_default sc_item_title_tag\">Hakk\u0131m\u0131zda<\/h1><div class=\"sc_item_descr sc_title_descr sc_align_left\"><p>Yalova Hukuk B\u00fcrosu, kuruldu\u011fu g\u00fcnden itibaren sahip oldu\u011fu istikrarl\u0131 geli\u015fmeyle T\u00fcrkiye\u2019nin sayg\u0131n hukuk b\u00fcrolar\u0131ndan biri haline gelmi\u015ftir.<\/p>\n<p>Bug\u00fcn, geni\u015f bir \u00e7er\u00e7evede hukuk hizmeti veren Yalova Hukuk B\u00fcrosu, en verimli \u015fekilde \u00e7\u00f6z\u00fcme ula\u015fmak amac\u0131yla \u00e7al\u0131\u015fma alanlar\u0131na g\u00f6re uzmanla\u015fm\u0131\u015f departmanlara ayr\u0131larak organize olmu\u015ftur.<\/p>\n<p>Yalova Hukuk B\u00fcrosu, farkl\u0131 hukuk alanlar\u0131nda uzmanla\u015fm\u0131\u015f bir dan\u0131\u015fman kadrosuna ve d\u00fcnya dinamizmini yans\u0131tan g\u00fc\u00e7l\u00fc bir m\u00fcvekkil a\u011f\u0131na sahiptir. Yalova Hukuk B\u00fcrosu\u2019nun nihai hedefi, T\u00fcrkiye\u2019nin bir\u00e7ok b\u00f6lgesinde bulunan \u00e7al\u0131\u015fma ekibi, meslek \u00f6rg\u00fctleri ve g\u00fc\u00e7l\u00fc \u00e7\u00f6z\u00fcm ortaklar\u0131yla birlikte m\u00fcvekkillerine en uygun hukuki \u00e7\u00f6z\u00fcm\u00fc, en kaliteli bi\u00e7imde \u00fcretmektir.<\/p>\n<p>Yalova Hukuk B\u00fcrosu, sa\u011flad\u0131\u011f\u0131 hukuki hizmeti gerek ulusal gerekse uluslararas\u0131 ihtiya\u00e7lar\u0131n kar\u015f\u0131lanmas\u0131 ve kalite s\u00fcreklili\u011finin sa\u011flanmas\u0131 i\u00e7in ulusal ve uluslararas\u0131 hukuki ve finansal geli\u015fmeleri yak\u0131ndan takip etmekte; b\u00f6ylece yaln\u0131zca var olan sorunlara \u00e7\u00f6z\u00fcm \u00fcretmek d\u0131\u015f\u0131nda, sorunlar\u0131 ortaya \u00e7\u0131kmadan engellemeyi hedefleyerek, \u00f6nceleyici hukuk misyonu ile \u00e7al\u0131\u015fmaktad\u0131r. M\u00fcvekkillerin hukuki sorunlar\u0131n\u0131 benimser ve sonu\u00e7 odakl\u0131 yakla\u015f\u0131mla vek\u00e2let ili\u015fkisini y\u00fcr\u00fct\u00fcr.<\/p>\n<\/div><\/div><!-- \/.sc_title -->[vc_empty_space height=&#8221;1.2em&#8221; alter_height=&#8221;none&#8221; hide_on_mobile=&#8221;&#8221;]<\/div><\/div>\n\t\t<\/div><!-- \/.sc_promo_text --><\/div><!-- \/.sc_promo -->[vc_empty_space height=&#8221;3em&#8221; alter_height=&#8221;none&#8221; hide_on_mobile=&#8221;&#8221;][vc_empty_space height=&#8221;0.55em&#8221; alter_height=&#8221;none&#8221; hide_on_mobile=&#8221;1&#8243;][vc_empty_space height=&#8221;3em&#8221; alter_height=&#8221;big&#8221; hide_on_mobile=&#8221;1&#8243;][\/vc_column][\/vc_row]<\/p>\n","protected":false},"excerpt":{"rendered":"<p>[vc_row full_width=&#8221;stretch_row&#8221; css=&#8221;.vc_custom_1488108550402{background-color: #f7f7f7 !important;}&#8221;][vc_column][vc_empty_space height=&#8221;3em&#8221; alter_height=&#8221;none&#8221; hide_on_mobile=&#8221;&#8221;][vc_empty_space height=&#8221;0.55em&#8221; alter_height=&#8221;none&#8221; hide_on_mobile=&#8221;1&#8243;][vc_empty_space height=&#8221;3em&#8221; alter_height=&#8221;big&#8221; hide_on_mobile=&#8221;1&#8243;][vc_empty_space height=&#8221;3em&#8221; alter_height=&#8221;none&#8221; hide_on_mobile=&#8221;&#8221;][vc_empty_space height=&#8221;0.55em&#8221; alter_height=&#8221;none&#8221; hide_on_mobile=&#8221;1&#8243;][vc_empty_space height=&#8221;3em&#8221; alter_height=&#8221;big&#8221; hide_on_mobile=&#8221;1&#8243;][\/vc_column][\/vc_row]<\/p>\n","protected":false},"author":1,"featured_media":0,"parent":0,"menu_order":0,"comment_status":"closed","ping_status":"closed","template":"","meta":[],"_links":{"self":[{"href":"https:\/\/www.tarikburakevin.av.tr\/index.php\/wp-json\/wp\/v2\/pages\/200"}],"collection":[{"href":"https:\/\/www.tarikburakevin.av.tr\/index.php\/wp-json\/wp\/v2\/pages"}],"about":[{"href":"https:\/\/www.tarikburakevin.av.tr\/index.php\/wp-json\/wp\/v2\/types\/page"}],"author":[{"embeddable":true,"href":"https:\/\/www.tarikburakevin.av.tr\/index.php\/wp-json\/wp\/v2\/users\/1"}],"replies":[{"embeddable":true,"href":"https:\/\/www.tarikburakevin.av.tr\/index.php\/wp-json\/wp\/v2\/comments?post=200"}],"version-history":[{"count":0,"href":"https:\/\/www.tarikburakevin.av.tr\/index.php\/wp-json\/wp\/v2\/pages\/200\/revisions"}],"wp:attachment":[{"href":"https:\/\/www.tarikburakevin.av.tr\/index.php\/wp-json\/wp\/v2\/media?parent=200"}],"curies":[{"name":"wp","href":"https:\/\/api.w.org\/{rel}","templated":true}]}}