{"id":960,"date":"2019-11-09T02:01:09","date_gmt":"2019-11-08T23:01:09","guid":{"rendered":"http:\/\/www.yalovahukuk.net\/?page_id=960"},"modified":"2019-11-09T02:01:09","modified_gmt":"2019-11-08T23:01:09","slug":"gizlilik-politikasi","status":"publish","type":"page","link":"https:\/\/www.tarikburakevin.av.tr\/index.php\/gizlilik-politikasi\/","title":{"rendered":"Gizlilik Politikas\u0131"},"content":{"rendered":"<p>[vc_row][vc_column][vc_column_text]G\u0130ZL\u0130L\u0130K POL\u0130T\u0130KASI VE AYDINLATMA METN\u0130<\/p>\n<p>\u0130\u015fbu Gizlilik Politikas\u0131 ve Ayd\u0131nlatma Metni\u2019nde, ki\u015fisel verilerinizin, 6698 say\u0131l\u0131 Ki\u015fisel Verilerin Korunmas\u0131 Kanunu (\u201cKVKK\u201d) ve ilgili mevzuata uygun olarak, veri sorumlusu s\u0131fat\u0131 ile Yalova Hukuk B\u00fcrosu nezdinde i\u015flenmesine ili\u015fkin esaslar a\u015fa\u011f\u0131da belirtilmi\u015ftir.<\/p>\n<p>\u200b<\/p>\n<p>1. Ki\u015fisel Veri<\/p>\n<p>Kimli\u011fi belirli veya belirlenebilir ger\u00e7ek ki\u015fiye ili\u015fkin her t\u00fcrl\u00fc bilgidir.<\/p>\n<p>2. Veri Sorumlusu ve Temsilcisi<\/p>\n<p>Yalova Hukuk B\u00fcrosu, m\u00fcvekkillerine, m\u00fcvekkil adaylar\u0131na ili\u015fkin olan ve\/veya web sitesinin kullan\u0131m\u0131 nedeni ile elde edilebilecek ki\u015fisel verilerin g\u00fcvenli\u011fine, her t\u00fcrl\u00fc ki\u015fisel verinin 6698 say\u0131l\u0131 Ki\u015fisel Verilerin Korunmas\u0131 Kanunu (\u201cKVKK\u201d) ve ilgili mevzuat h\u00fck\u00fcmlerine uygun olarak i\u015flenerek saklanmas\u0131na b\u00fcy\u00fck \u00f6nem vermektedir. Bu kapsamda, ki\u015fisel verileriniz a\u015fa\u011f\u0131da belirtilen usullerde i\u015flenmektedir.<\/p>\n<p>2. Ki\u015fisel Verilerin Toplanmas\u0131, \u0130\u015fleme Ama\u00e7lar\u0131 ve Hukuki Sebepleri<\/p>\n<p>Ki\u015fisel verileriniz taraf\u0131n\u0131za sundu\u011fumuz hukuki hizmetlerimiz ve i\u015f s\u00fcre\u00e7leri kapsam\u0131nda, s\u00f6z konusu hizmetlerden faydalanman\u0131z, hak ve menfaatlerinizin korunmas\u0131 ama\u00e7lar\u0131 ile KVKK ve yasal d\u00fczenlemelere uygun olarak, \u00e7e\u015fitli kanallar arac\u0131l\u0131\u011f\u0131yla s\u00f6zl\u00fc, yaz\u0131l\u0131 veya elektronik ortamda olmak kayd\u0131yla tamamen veya k\u0131smen otomatik olan ya da herhangi bir veri kay\u0131t sisteminin par\u00e7as\u0131 olarak otomatik olmayan \u00e7e\u015fitli y\u00f6ntemlerle toplanabilecek ve i\u015flenebilecektir.<\/p>\n<p>Ki\u015fisel verileriniz, Avukatl\u0131k Kanunu ba\u015fta olmak \u00fczere y\u00fcr\u00fcrl\u00fckte bulunan mevzuat kapsam\u0131nda avukat\u0131n\u0131z\/hukuk dan\u0131\u015fman\u0131n\u0131z s\u0131fat\u0131 ile sizlere sunaca\u011f\u0131m\u0131z hizmetlerle ilgili olarak ger\u00e7ekle\u015ftirilecek her t\u00fcrl\u00fc i\u015f ve i\u015flemde taraf s\u0131fat\u0131n\u0131 belirlemek \u00fczere kimlik, adres, vergi numaras\u0131 ve di\u011fer bilgilerinizin kaydedilmesi, ka\u011f\u0131t \u00fczerinde veya elektronik ortamda ger\u00e7ekle\u015ftirilecek i\u015f ve i\u015flemlere dayanak olacak bilgi ve belgelerin d\u00fczenlemesi, adli ve idari t\u00fcm yetkili mercilerce \u00f6ng\u00f6r\u00fclen y\u00fck\u00fcml\u00fcl\u00fcklere uyulmas\u0131 ve aram\u0131zdaki s\u00f6zle\u015fmelerin gere\u011finin yerine getirilmesi ama\u00e7lar\u0131yla i\u015flenecektir.<\/p>\n<p>\u200b<\/p>\n<p>3. \u0130\u015flenen Ki\u015fisel Verilerin Aktar\u0131ld\u0131\u011f\u0131 Yerler ve Aktar\u0131m Amac\u0131<\/p>\n<p>Ki\u015fisel verileriniz, hukuki hizmetlerimizin gere\u011fi kapsam\u0131nda, KVKK\u2019ya uygun olarak adli, idari vb. kurumlara ve\/veya bunlar taraf\u0131ndan yetkili k\u0131l\u0131nan ki\u015fi ya da mercilere, UYAP sistemine, hukuki hizmetlerin gerektirdi\u011fi \u00f6l\u00e7\u00fcde \u00fc\u00e7\u00fcnc\u00fc ki\u015fi ve kurumlara (\u00f6rnek bankalar vb), tevkil yetkimiz dahilinde i\u015f ortaklar\u0131m\u0131za aktar\u0131labilmektedir. Ki\u015fisel verilerin i\u015flenme amac\u0131 ile verilerin aktar\u0131m amac\u0131 paralellik g\u00f6stermektedir.<\/p>\n<p>4. Ki\u015fisel verilerin saklanmas\u0131 ve g\u00fcvenli\u011fi:<\/p>\n<p>\u200b<\/p>\n<p>Ki\u015fisel veriler, bu bilgileri verme amac\u0131 ge\u00e7erli oldu\u011fu s\u00fcrece ve her halukarda vekalet ili\u015fkisinin yasal olarak sonland\u0131r\u0131lma tarihinden itibaren 3 (\u00fc\u00e7) y\u0131l s\u00fcre ile saklanacakt\u0131r. Saklanan, kaydedilen verilerin kaybolmamas\u0131, yetkisiz ki\u015filerin eline ge\u00e7memesi ve hukuka ayk\u0131r\u0131 kullan\u0131mlar\u0131n \u00f6nlenmesi i\u00e7in gerekli g\u00fcvenlik \u00f6nlemleri taraf\u0131m\u0131zdan al\u0131nacakt\u0131r.<\/p>\n<p>5. Veri \u0130\u015fleyene ve Veri Sorumlusuna Ba\u015fvuru Yollar\u0131<\/p>\n<p>KVKK\u2019n\u0131n 11. maddesi gere\u011fince; hukuk b\u00fcromuza ba\u015fvurmak suretiyle ki\u015fisel verilerinizin; i\u015flenip i\u015flenmedi\u011fini \u00f6\u011frenme, i\u015flenmi\u015fse buna ili\u015fkin bilgi talep etme, i\u015flenme amac\u0131n\u0131 ve amac\u0131na uygun kullan\u0131l\u0131p kullan\u0131lmad\u0131\u011f\u0131n\u0131 \u00f6\u011frenme, yurt i\u00e7inde veya yurt d\u0131\u015f\u0131nda aktar\u0131ld\u0131\u011f\u0131 \u00fc\u00e7\u00fcnc\u00fc ki\u015fileri bilme, eksik veya yanl\u0131\u015f i\u015flenmi\u015f olmas\u0131 halinde bunlar\u0131n d\u00fczeltilmesini isteme, KVKK\u2019n\u0131n 7. maddesinde \u00f6ng\u00f6r\u00fclen \u015fartlar \u00e7er\u00e7evesinde ki\u015fisel verilerin silinmesini veya yok edilmesini isteme, aktar\u0131ld\u0131\u011f\u0131 \u00fc\u00e7\u00fcnc\u00fc ki\u015filere yukar\u0131da belirtilen d\u00fczeltilme, silinme veya yok edilme kapsam\u0131nda yap\u0131lan i\u015flemlerin bildirilmesini isteme, m\u00fcnhas\u0131ran otomatik sistemler vas\u0131tas\u0131yla analiz edilmesi suretiyle aleyhinize bir sonucun ortaya \u00e7\u0131kmas\u0131na itiraz etme, Kanun\u2019a ayk\u0131r\u0131 olarak i\u015flenmesi sebebiyle zarara u\u011framan\u0131z halinde zarar\u0131n giderilmesini talep etme haklar\u0131na sahipsiniz.<\/p>\n<p>Yukar\u0131da yer alan haklar\u0131n\u0131z\u0131, web sitemizde yer alan ileti\u015fim adresimize \u0131slak imzal\u0131 dilek\u00e7e ile elden veya iadeli taahh\u00fctl\u00fc mektupla ve kimlik fotokopisiyle g\u00f6ndererek kullanabilirsiniz. Ki\u015fisel veri sahibinin kendisi d\u0131\u015f\u0131nda bir ki\u015finin talepte bulunacak olmas\u0131 halinde, konuya ili\u015fkin olarak ki\u015fisel veri sahibi taraf\u0131ndan ba\u015fvuruda bulunacak ki\u015fi ad\u0131na d\u00fczenlenmi\u015f \u00f6zel vek\u00e2letname bulunmal\u0131d\u0131r. Hukuk B\u00fcromuz ba\u015fvuruda bulunan ki\u015finin ki\u015fisel veri sahibi olup olmad\u0131\u011f\u0131n\u0131 tespit etmek ad\u0131na ilgili ki\u015fiden ek bilgi talep edebilir, ba\u015fvuruda belirtilen hususlar\u0131 netle\u015ftirmek ad\u0131na, ki\u015fisel veri sahibine\/vekiline ba\u015fvurusu ile ilgili soru y\u00f6neltebilir.<\/p>\n<p>Hukuk B\u00fcromuz taleplerinizi, talebin niteli\u011fine g\u00f6re en k\u0131sa s\u00fcrede ve en ge\u00e7 otuz g\u00fcn i\u00e7inde \u00fccretsiz olarak sonu\u00e7land\u0131r\u0131r. Ancak, s\u00f6z konusu taleplerin sonu\u00e7land\u0131r\u0131lmas\u0131n\u0131n ayr\u0131ca bir maliyeti gerektirmesi h\u00e2linde, ba\u015fvuru sahibinden Kurul taraf\u0131ndan belirlenen tarifedeki \u00fccret al\u0131nabilir. Hukuk B\u00fcromuz talebi kabul edip i\u015fleme koyabilir veya gerek\u00e7esini a\u00e7\u0131klayarak talebi yaz\u0131l\u0131 usulle reddedebilir.<\/p>\n<p>6. Veri \u0130\u015fleme S\u00fcrecine \u0130li\u015fkin Haklar\u0131n\u0131z<\/p>\n<p>Yukar\u0131da belirtilen prosed\u00fcr takip edilerek ger\u00e7ekle\u015ftirilen ba\u015fvurunun reddedilmesi, verilen cevab\u0131n yetersiz bulunmas\u0131 veya s\u00fcresinde ba\u015fvuruya cevap verilmemesi h\u00e2llerinde; cevab\u0131n tebli\u011fini takiben otuz ve her h\u00e2lde ba\u015fvuru tarihinden itibaren altm\u0131\u015f g\u00fcn i\u00e7inde Ki\u015fisel Verileri Koruma Kurulu\u2019na (\u201cKurul\u201d) \u015fik\u00e2yette bulunma hakk\u0131n\u0131z mevcuttur. Ancak ba\u015fvuru yolu t\u00fcketilmeden \u015fik\u00e2yet yoluna ba\u015fvurulamaz.<\/p>\n<p>\u200b<\/p>\n<p>Kurul, \u015fik\u00e2yet \u00fczerine veya ihlal iddias\u0131n\u0131 \u00f6\u011frenmesi durumunda resen, g\u00f6rev alan\u0131na giren konularda gerekli incelemeyi yapar. \u015eik\u00e2yet \u00fczerine Kurul, talebi inceleyerek ilgililere bir cevap verir. \u015eik\u00e2yet tarihinden itibaren altm\u0131\u015f g\u00fcn i\u00e7inde cevap verilmezse talep reddedilmi\u015f say\u0131l\u0131r. \u015eik\u00e2yet \u00fczerine veya resen yap\u0131lan inceleme sonucunda, ihlalin varl\u0131\u011f\u0131n\u0131n anla\u015f\u0131lmas\u0131 h\u00e2linde Kurul, tespit etti\u011fi hukuka ayk\u0131r\u0131l\u0131klar\u0131n veri sorumlusu taraf\u0131ndan giderilmesine karar vererek ilgililere tebli\u011f eder. Bu karar, tebli\u011fden itibaren gecikmeksizin ve en ge\u00e7 otuz g\u00fcn i\u00e7inde yerine getirilir. Kurul, telafisi g\u00fc\u00e7 veya imk\u00e2ns\u0131z zararlar\u0131n do\u011fmas\u0131 ve a\u00e7\u0131k\u00e7a hukuka ayk\u0131r\u0131l\u0131k olmas\u0131 h\u00e2linde, veri i\u015flenmesinin veya verinin yurt d\u0131\u015f\u0131na aktar\u0131lmas\u0131n\u0131n durdurulmas\u0131na karar verebilir.<\/p>\n<p>Verilerinizin Hukuk B\u00fcromuz nezdinde hassasiyetle korundu\u011funu belirtir bize duydu\u011funuz g\u00fcven i\u00e7in te\u015fekk\u00fcr ederiz.<\/p>\n<p>Sayg\u0131lar\u0131m\u0131zla,<\/p>\n<p>Yalova Hukuk B\u00fcrosu[\/vc_column_text][\/vc_column][\/vc_row]<\/p>\n","protected":false},"excerpt":{"rendered":"<p>[vc_row][vc_column][vc_column_text]G\u0130ZL\u0130L\u0130K POL\u0130T\u0130KASI VE AYDINLATMA METN\u0130 \u0130\u015fbu Gizlilik Politikas\u0131 ve Ayd\u0131nlatma Metni\u2019nde, ki\u015fisel verilerinizin, 6698 say\u0131l\u0131 Ki\u015fisel Verilerin Korunmas\u0131 Kanunu (\u201cKVKK\u201d) ve ilgili mevzuata uygun olarak, veri sorumlusu s\u0131fat\u0131 ile Yalova Hukuk B\u00fcrosu nezdinde i\u015flenmesine ili\u015fkin esaslar a\u015fa\u011f\u0131da belirtilmi\u015ftir. \u200b 1. Ki\u015fisel Veri Kimli\u011fi belirli veya&hellip;<\/p>\n","protected":false},"author":1,"featured_media":0,"parent":0,"menu_order":0,"comment_status":"closed","ping_status":"closed","template":"","meta":[],"_links":{"self":[{"href":"https:\/\/www.tarikburakevin.av.tr\/index.php\/wp-json\/wp\/v2\/pages\/960"}],"collection":[{"href":"https:\/\/www.tarikburakevin.av.tr\/index.php\/wp-json\/wp\/v2\/pages"}],"about":[{"href":"https:\/\/www.tarikburakevin.av.tr\/index.php\/wp-json\/wp\/v2\/types\/page"}],"author":[{"embeddable":true,"href":"https:\/\/www.tarikburakevin.av.tr\/index.php\/wp-json\/wp\/v2\/users\/1"}],"replies":[{"embeddable":true,"href":"https:\/\/www.tarikburakevin.av.tr\/index.php\/wp-json\/wp\/v2\/comments?post=960"}],"version-history":[{"count":0,"href":"https:\/\/www.tarikburakevin.av.tr\/index.php\/wp-json\/wp\/v2\/pages\/960\/revisions"}],"wp:attachment":[{"href":"https:\/\/www.tarikburakevin.av.tr\/index.php\/wp-json\/wp\/v2\/media?parent=960"}],"curies":[{"name":"wp","href":"https:\/\/api.w.org\/{rel}","templated":true}]}}